
{"id":12,"date":"2025-09-23T10:09:00","date_gmt":"2025-09-23T10:09:00","guid":{"rendered":"https:\/\/multimedijalnakoliba.hr\/zrinka\/?page_id=12"},"modified":"2025-09-23T11:14:10","modified_gmt":"2025-09-23T11:14:10","slug":"biografija","status":"publish","type":"page","link":"https:\/\/multimedijalnakoliba.hr\/zrinka\/biografija\/","title":{"rendered":"Biografija"},"content":{"rendered":"<p>(Zagreb, 1978.) plesna je umjetnica, certificirana analitic\u030carka pokreta \u2013 somatska praktic\u030carka (CMA-SP), registrirana edukatorica somatskog pokreta (RSME) i edukatorica razvojnog pokreta (IDME).<\/p>\n<p>Educira se kroz programe \u0160kole za\u00a0<em>Body -Mind Centering<sup>\u00ae\u00a0<\/sup><\/em>:\u00a0<em>Infant Developmental Movement Education\u00a0<\/em>(Italija, 2008.) i\u00a0<em>Somatic Movement Education (<\/em>Francuska, 2015.) te\u00a0<em>Laban\/Bartenieff &amp; Somatic Studies International<\/em>. Diplomirala je Povijest umjetnosti i Francuski jezik i knji\u017eevnost na Filozofskom fakultetu u Zagrebu. U Zagrebu je zavr\u0161ila i dvije godine edukacije iz psihoterapije kroz pokret i ples.<br \/>\nAutorica je i koautorica vi\u0161e predstava i radova\u00a0<i>in situ<\/i>\u00a0nastalih od 2003. do danas. Njezin autorski rad i umjetni\u010dko istra\u017eivanje uvelike su obilje\u017eeni somatskom praksom i interesom za improvizaciju kao i suradnjom s umjetnicima iz drugih medija, osobito vizualnim umjetnicama\/ima.<br \/>\nSuosniva\u010dica je umjetni\u010dke organizacije\u00a0<i>Multimedijala koliba.\u00a0<\/i>Pokreta\u010dica je i od 2007. do 2021. umjetni\u010dka suvoditeljica me\u0111unarodnog festivala Improspekcije, te inicijatorica regionalne platforme SomaHut koja okuplja umjetnike i stru\u010dnjake iz razli\u010ditih polja oko interesa za somatski rad.<br \/>\nPredaje na Odsjeku plesa Akademije dramske umjetnosti u Zagrebu, na Poslijediplomskom specijalisti\u010dkim studiju kreativne terapije na Akademiji za umjetnost i kulturu u Osijeku, na \u010detverogodi\u0161njem programu Edukacije iz psihoterapije kroz pokret i ples u Zagrebu te vodi radionice za razli\u010dite skupine polaznika u suradnji s udrugama, muzejima, umjetni\u010dkim organizacijama.<\/p>\n<p>Radovi:<\/p>\n<p>Stidljivost drve\u0107a (2021.)<br \/>\n<em>Dobra voda<\/em>\u00a0(2020., Akademija likovnih umjetnosti u Zagrebu)<br \/>\n<em>\u0160to nastaje?<\/em>\u00a0<em>Izvedba koja se dira<\/em>\u00a0(2019., Akademija likovnih umjetnosti u Zagrebu)<br \/>\n<em>cruel, cruel nature<\/em>\u00a0(2018.)<br \/>\n<em>Nestajanja<\/em>\u00a0(2016.)<br \/>\n<em>a2<\/em>\u00a0(2015., 28. Muzi\u010dki biennale Zagreb)<br \/>\n<em>Indigo<\/em>\u00a0(2014.)<br \/>\n<em>Po stepenicama, iza vrata, kroz prozor\u2026<\/em>\u00a0(2013.)<br \/>\n<em>Pokret Mislim Okret<\/em>\u00a0(2013.)<br \/>\n<em>Trag\/Trace\/Spur<\/em>\u00a0(2012.)<br \/>\n<em>Titraji<\/em>\u00a0(2012.)<br \/>\n<em>7 ti\u0161ina za 7 dana<\/em>\u00a0(2011.)<br \/>\n<em>Moveranje<\/em>\u00a0(2009.)<br \/>\n<em>Sobe<\/em>\u00a0(2007., Kula Lotr\u0161\u010dak, Zagreb)<br \/>\n<em>U prolazu<\/em>\u00a0(2003., Gliptoteka HAZU, Zagreb)<br \/>\npredstave za djecu:\u00a0<em>Ja pa ti pa mi:<\/em>\u00a0<em>Stranci<\/em>\u00a0i\u00a0<em>Sadi gradi<\/em>\u00a0(2016.-2018.)<\/p>\n","protected":false},"excerpt":{"rendered":"<p>(Zagreb, 1978.) plesna je umjetnica, certificirana analitic\u030carka pokreta \u2013 somatska praktic\u030carka (CMA-SP), registrirana edukatorica somatskog pokreta (RSME) i edukatorica razvojnog pokreta...","protected":false},"author":1,"featured_media":415,"parent":0,"menu_order":0,"comment_status":"closed","ping_status":"closed","template":"","meta":{"footnotes":"","_links_to":"","_links_to_target":""},"class_list":["post-12","page","type-page","status-publish","has-post-thumbnail","hentry"],"_links":{"self":[{"href":"https:\/\/multimedijalnakoliba.hr\/zrinka\/wp-json\/wp\/v2\/pages\/12","targetHints":{"allow":["GET"]}}],"collection":[{"href":"https:\/\/multimedijalnakoliba.hr\/zrinka\/wp-json\/wp\/v2\/pages"}],"about":[{"href":"https:\/\/multimedijalnakoliba.hr\/zrinka\/wp-json\/wp\/v2\/types\/page"}],"author":[{"embeddable":true,"href":"https:\/\/multimedijalnakoliba.hr\/zrinka\/wp-json\/wp\/v2\/users\/1"}],"replies":[{"embeddable":true,"href":"https:\/\/multimedijalnakoliba.hr\/zrinka\/wp-json\/wp\/v2\/comments?post=12"}],"version-history":[{"count":1,"href":"https:\/\/multimedijalnakoliba.hr\/zrinka\/wp-json\/wp\/v2\/pages\/12\/revisions"}],"predecessor-version":[{"id":13,"href":"https:\/\/multimedijalnakoliba.hr\/zrinka\/wp-json\/wp\/v2\/pages\/12\/revisions\/13"}],"wp:featuredmedia":[{"embeddable":true,"href":"https:\/\/multimedijalnakoliba.hr\/zrinka\/wp-json\/wp\/v2\/media\/415"}],"wp:attachment":[{"href":"https:\/\/multimedijalnakoliba.hr\/zrinka\/wp-json\/wp\/v2\/media?parent=12"}],"curies":[{"name":"wp","href":"https:\/\/api.w.org\/{rel}","templated":true}]}}